{"id":432,"date":"2019-08-12T15:29:39","date_gmt":"2019-08-12T18:29:39","guid":{"rendered":"http:\/\/www.silvestro.com.ar\/?page_id=432"},"modified":"2019-08-13T11:41:25","modified_gmt":"2019-08-13T14:41:25","slug":"servicios","status":"publish","type":"page","link":"https:\/\/www.silvestro.com.ar\/?page_id=432","title":{"rendered":"Servicios"},"content":{"rendered":"<h3><span style=\"color: #000000;\">Buscamos satisfacer las necesidades de asistencia t\u00e9cnica a los usuarios. No importa si se trata de un problema de desconocimiento en el uso del equipo, la falla de alg\u00fan componente, un virus, un cable, o un problema complejo de comunicaciones o de versiones de hardware \/ software. Siempre ofrecemos soluciones eficientes y eficaces a sus necesidades. El servicio ha sido dise\u00f1ado para permitir que nuestros clientes accedan a la modalidad de atenci\u00f3n que m\u00e1s se ajuste a sus necesidades.<\/span><br data-rich-text-line-break=\"true\" \/><span style=\"color: #000000;\">Entre las m\u00e1s usuales y al solo efecto enunciativo mencionamos:<\/span><\/h3>\n<ul>\n<li>\n<h3><span style=\"color: #000000;\">Manten<\/span>imiento preventivo.<\/h3>\n<\/li>\n<li>\n<h3>Mantenimiento correctivo.<\/h3>\n<\/li>\n<li>\n<h3>Abonos integrales.<\/h3>\n<\/li>\n<li>\n<h3>Abonos de mano de obra.<\/h3>\n<\/li>\n<li>\n<h3>Atenci\u00f3n por demanda.<\/h3>\n<\/li>\n<li>\n<h3>Reparaciones en laboratorio.<\/h3>\n<\/li>\n<\/ul>\n<h3><strong><em>REDES LOCALES, INTERNET E INTRANET<\/em><\/strong><\/h3>\n<h3><span style=\"color: #000000;\">Ofrecemos todas las ventajas de las \u00faltimas tecnolog\u00edas de redes al servicio de los usuarios.<\/span><\/h3>\n<ul>\n<li>\n<h3>Asesoramiento, dise\u00f1o, puesta en marcha y mantenimiento de redes locales.<\/h3>\n<\/li>\n<li>\n<h3>Acceso remoto, Intranet e interconexi\u00f3n de redes.<\/h3>\n<\/li>\n<li>\n<h3>Provisi\u00f3n e implementaci\u00f3n de routers, firewalls, proxies y servidores de correo.<\/h3>\n<\/li>\n<li>\n<h3>Conexiones seguras por VPN.<\/h3>\n<\/li>\n<li>\n<h3>Routers MULTI-WAN.<\/h3>\n<\/li>\n<li>\n<h3>Filtros de navegaci\u00f3n.<\/h3>\n<\/li>\n<li>\n<h3>Backups f\u00edsicos y en la NUBE.<\/h3>\n<\/li>\n<\/ul>\n<h3><em><span style=\"color: #000000;\"><strong>VENTA DE EQUIPOS Y PERIF\u00c9RICOS<\/strong><\/span><\/em><\/h3>\n<h3><span style=\"color: #000000;\">Silvestro &amp; Asociados brinda un completo asesoramiento previo a la realizaci\u00f3n de su compra, ofreci\u00e9ndole la configuraci\u00f3n m\u00e1s adecuada a sus necesidades y la mejor relaci\u00f3n costo \/ beneficio.<\/span><\/h3>\n","protected":false},"excerpt":{"rendered":"<p>Buscamos satisfacer las necesidades de asistencia t\u00e9cnica a los usuarios. No importa si se trata de un problema de desconocimiento en el uso del equipo, la falla de alg\u00fan componente, un virus, un cable, o un problema complejo de comunicaciones o de versiones de hardware \/ software. Siempre ofrecemos soluciones eficientes y eficaces a sus&hellip;<\/p>\n<p class=\"more-link\"><a href=\"https:\/\/www.silvestro.com.ar\/?page_id=432\" class=\"themebutton2\">Read More<\/a><\/p>\n","protected":false},"author":1,"featured_media":0,"parent":0,"menu_order":0,"comment_status":"closed","ping_status":"closed","template":"","meta":{"footnotes":""},"class_list":["post-432","page","type-page","status-publish","hentry"],"_links":{"self":[{"href":"https:\/\/www.silvestro.com.ar\/index.php?rest_route=\/wp\/v2\/pages\/432","targetHints":{"allow":["GET"]}}],"collection":[{"href":"https:\/\/www.silvestro.com.ar\/index.php?rest_route=\/wp\/v2\/pages"}],"about":[{"href":"https:\/\/www.silvestro.com.ar\/index.php?rest_route=\/wp\/v2\/types\/page"}],"author":[{"embeddable":true,"href":"https:\/\/www.silvestro.com.ar\/index.php?rest_route=\/wp\/v2\/users\/1"}],"replies":[{"embeddable":true,"href":"https:\/\/www.silvestro.com.ar\/index.php?rest_route=%2Fwp%2Fv2%2Fcomments&post=432"}],"version-history":[{"count":17,"href":"https:\/\/www.silvestro.com.ar\/index.php?rest_route=\/wp\/v2\/pages\/432\/revisions"}],"predecessor-version":[{"id":515,"href":"https:\/\/www.silvestro.com.ar\/index.php?rest_route=\/wp\/v2\/pages\/432\/revisions\/515"}],"wp:attachment":[{"href":"https:\/\/www.silvestro.com.ar\/index.php?rest_route=%2Fwp%2Fv2%2Fmedia&parent=432"}],"curies":[{"name":"wp","href":"https:\/\/api.w.org\/{rel}","templated":true}]}}