{"id":442,"date":"2019-08-12T15:35:15","date_gmt":"2019-08-12T18:35:15","guid":{"rendered":"http:\/\/www.silvestro.com.ar\/?page_id=442"},"modified":"2019-08-26T12:42:52","modified_gmt":"2019-08-26T15:42:52","slug":"nosotros","status":"publish","type":"page","link":"https:\/\/www.silvestro.com.ar\/?page_id=442","title":{"rendered":"Nosotros"},"content":{"rendered":"<h3><span style=\"color: #000000;\">Silvestro &amp; Asociados es una empresa dedicada a la provisi\u00f3n de productos y servicios en inform\u00e1tica.<\/span><br data-rich-text-line-break=\"true\"><span style=\"color: #000000;\">Nuestra experiencia est\u00e1 fundamentada en una trayectoria de m\u00e1s de 35 a\u00f1os y en la permanente capacitaci\u00f3n de un equipo de profesionales y t\u00e9cnicos que brindan soluciones a los usuarios de sistemas inform\u00e1ticos.<\/span><\/h3>\n<h3><strong><span style=\"color: #000000;\"><em>NUESTRO OBJETIVO:<\/em><\/span><\/strong><\/h3>\n<h3><span style=\"color: #000000;\">Silvestro &amp; Asociados cree que las computadoras son s\u00f3lo herramientas que satisfacen diferentes necesidades. Nuestro objetivo es que los usuarios dispongan de las herramientas adecuadas y que \u00e9stas funcionen correctamente, para que puedan centrar todos sus esfuerzos en la tarea que desean lograr.<\/span><\/h3>\n<h3><em><span style=\"color: #000000;\"><strong data-rich-text-format-boundary=\"true\">D\u00d3NDE ESTAMOS<\/strong><\/span><\/em><\/h3>\n<h3><span style=\"color: #000000;\">Nuestro laboratorio de ingenier\u00eda de servicios est\u00e1 ubicado en Acevedo 35 Capital Federal y ha sido equipado para brindar soluciones a las nuevas necesidades que plantean el Hardware y el Software a los usuarios de equipos inform\u00e1ticos.<\/span><\/h3>\n<h3><span style=\"color: #000000;\"><strong data-rich-text-format-boundary=\"true\">Nos apoyamos fuertemente en estos principios:<\/strong><\/span><br data-rich-text-line-break=\"true\"><span style=\"color: #000000;\">\u2022 Confiabilidad: Estamos cuando nos necesitan, siempre dispuestos a resolver su problema.<\/span><br data-rich-text-line-break=\"true\"><span style=\"color: #000000;\">\u2022 Relaciones duraderas: Creemos firmemente que la confianza mutua se crea a trav\u00e9s de <\/span><span style=\"color: #000000;\">buenas relaciones sostenidas a lo largo del tiempo.<\/span><br data-rich-text-line-break=\"true\"><span style=\"color: #000000;\">\u2022 Confidencialidad: Somos conscientes de la importancia de mantener absoluta reserva acerca<\/span><br data-rich-text-line-break=\"true\"><span style=\"color: #000000;\">de la informaci\u00f3n que manejamos.<\/span><\/h3>\n","protected":false},"excerpt":{"rendered":"<p>Silvestro &amp; Asociados es una empresa dedicada a la provisi\u00f3n de productos y servicios en inform\u00e1tica.Nuestra experiencia est\u00e1 fundamentada en una trayectoria de m\u00e1s de 35 a\u00f1os y en la permanente capacitaci\u00f3n de un equipo de profesionales y t\u00e9cnicos que brindan soluciones a los usuarios de sistemas inform\u00e1ticos. NUESTRO OBJETIVO: Silvestro &amp; Asociados cree que&hellip;<\/p>\n<p class=\"more-link\"><a href=\"https:\/\/www.silvestro.com.ar\/?page_id=442\" class=\"themebutton2\">Read More<\/a><\/p>\n","protected":false},"author":1,"featured_media":0,"parent":0,"menu_order":0,"comment_status":"closed","ping_status":"closed","template":"","meta":{"footnotes":""},"class_list":["post-442","page","type-page","status-publish","hentry"],"_links":{"self":[{"href":"https:\/\/www.silvestro.com.ar\/index.php?rest_route=\/wp\/v2\/pages\/442","targetHints":{"allow":["GET"]}}],"collection":[{"href":"https:\/\/www.silvestro.com.ar\/index.php?rest_route=\/wp\/v2\/pages"}],"about":[{"href":"https:\/\/www.silvestro.com.ar\/index.php?rest_route=\/wp\/v2\/types\/page"}],"author":[{"embeddable":true,"href":"https:\/\/www.silvestro.com.ar\/index.php?rest_route=\/wp\/v2\/users\/1"}],"replies":[{"embeddable":true,"href":"https:\/\/www.silvestro.com.ar\/index.php?rest_route=%2Fwp%2Fv2%2Fcomments&post=442"}],"version-history":[{"count":12,"href":"https:\/\/www.silvestro.com.ar\/index.php?rest_route=\/wp\/v2\/pages\/442\/revisions"}],"predecessor-version":[{"id":574,"href":"https:\/\/www.silvestro.com.ar\/index.php?rest_route=\/wp\/v2\/pages\/442\/revisions\/574"}],"wp:attachment":[{"href":"https:\/\/www.silvestro.com.ar\/index.php?rest_route=%2Fwp%2Fv2%2Fmedia&parent=442"}],"curies":[{"name":"wp","href":"https:\/\/api.w.org\/{rel}","templated":true}]}}